{"id":28,"date":"2025-08-28T10:45:15","date_gmt":"2025-08-28T03:45:15","guid":{"rendered":"http:\/\/cuongthinhmedical.softx.asia\/?page_id=28"},"modified":"2025-11-17T16:52:26","modified_gmt":"2025-11-17T09:52:26","slug":"gioi-thieu","status":"publish","type":"page","link":"https:\/\/cuongthinhmedical.com\/en\/gioi-thieu\/","title":{"rendered":"About us"},"content":{"rendered":"<p>Cuong Thinh Medical is known as a leading enterprise in Vietnam specializing in providing modern, specialized, complete and comprehensive technical solutions in the following areas: Central medical gas system, Operating room interior, operating room equipment, ICU, positive pressure clean air system, radiation safety... for new construction investment projects or hospital renovations meeting national and international standards.<\/p>\n<p>Coming to Cuong Thinh Medical, investors are consulted to choose technical solutions, technology and equipment to equip the hospital. We always have many choices of medical equipment from many different manufacturers in the world to advise and provide investors with basic, medium to high-end solutions.<\/p>\n<p>Cuong Thinh Medical always meets the diverse needs of different customers to create harmonious values \u200b\u200bin quality and cost, bringing satisfaction in technological solutions and efficiency in investment and use.<\/p>","protected":false},"excerpt":{"rendered":"<p>C\u01b0\u1eddng Th\u1ecbnh Medical \u0111\u01b0\u1ee3c bi\u1ebft \u0111\u1ebfn nh\u01b0 m\u1ed9t doanh nghi\u1ec7p d\u1eabn \u0111\u1ea7u t\u1ea1i Vi\u1ec7t Nam chuy\u00ean cung c\u1ea5p c\u00e1c gi\u1ea3i ph\u00e1p k\u1ef9 thu\u1eadt hi\u1ec7n \u0111\u1ea1i, chuy\u00ean s\u00e2u, ho\u00e0n ch\u1ec9nh v\u00e0 tr\u1ecdn g\u00f3i trong c\u00e1c l\u0129nh v\u1ef1c sau: H\u1ec7 th\u1ed1ng kh\u00ed y t\u1ebf trung t\u00e2m, N\u1ed9i th\u1ea5t ph\u00f2ng m\u1ed5, thi\u1ebft b\u1ecb ph\u00f2ng m\u1ed5, ICU, h\u1ec7 th\u1ed1ng<\/p>","protected":false},"author":1,"featured_media":0,"parent":0,"menu_order":0,"comment_status":"closed","ping_status":"closed","template":"page-blank-title-center.php","meta":{"_acf_changed":false,"footnotes":""},"class_list":["post-28","page","type-page","status-publish","hentry"],"acf":[],"_links":{"self":[{"href":"https:\/\/cuongthinhmedical.com\/en\/wp-json\/wp\/v2\/pages\/28","targetHints":{"allow":["GET"]}}],"collection":[{"href":"https:\/\/cuongthinhmedical.com\/en\/wp-json\/wp\/v2\/pages"}],"about":[{"href":"https:\/\/cuongthinhmedical.com\/en\/wp-json\/wp\/v2\/types\/page"}],"author":[{"embeddable":true,"href":"https:\/\/cuongthinhmedical.com\/en\/wp-json\/wp\/v2\/users\/1"}],"replies":[{"embeddable":true,"href":"https:\/\/cuongthinhmedical.com\/en\/wp-json\/wp\/v2\/comments?post=28"}],"version-history":[{"count":5,"href":"https:\/\/cuongthinhmedical.com\/en\/wp-json\/wp\/v2\/pages\/28\/revisions"}],"predecessor-version":[{"id":408,"href":"https:\/\/cuongthinhmedical.com\/en\/wp-json\/wp\/v2\/pages\/28\/revisions\/408"}],"wp:attachment":[{"href":"https:\/\/cuongthinhmedical.com\/en\/wp-json\/wp\/v2\/media?parent=28"}],"curies":[{"name":"wp","href":"https:\/\/api.w.org\/{rel}","templated":true}]}}