{"id":32,"date":"2025-08-28T10:53:13","date_gmt":"2025-08-28T03:53:13","guid":{"rendered":"http:\/\/cuongthinhmedical.softx.asia\/?page_id=32"},"modified":"2025-10-16T15:30:49","modified_gmt":"2025-10-16T08:30:49","slug":"du-an","status":"publish","type":"page","link":"https:\/\/cuongthinhmedical.com\/en\/du-an\/","title":{"rendered":"Projects"},"content":{"rendered":"<div class=\"custom-breadcrumbs\">\n\t\t<div class=\"row\">\n\t\t\t<div class=\"col large-12\" style=\"padding-bottom: 0;\">\n\t\t\t\t<nav aria-label=\"breadcrumbs\" class=\"rank-math-breadcrumb\"><p><span class=\"last\">Home<\/span><\/p><\/nav>\t\t\t<\/div>\n\t\t<\/div>\n\t<\/div>\n    \n\n\t<div id=\"gap-1728976844\" class=\"gap-element clearfix\" style=\"display:block; height:auto;\">\n\t\t\n<style>\n#gap-1728976844 {\n  padding-top: 66px;\n}\n<\/style>\n\t<\/div>\n\t\n<div class=\"row\"  id=\"row-752912827\">\n\n\t<div id=\"col-2125029770\" class=\"col small-12 large-12\"  >\n\t\t\t\t<div class=\"col-inner\"  >\n\t\t\t\n\t\t\t\n\t<div id=\"text-2564270609\" class=\"text\">\n\t\t\n<h1>ALL PROJECTS<\/h1>\n\t\t\n<style>\n#text-2564270609 {\n  font-size: 1.5rem;\n  color: rgb(3, 183, 244);\n}\n#text-2564270609 > * {\n  color: rgb(3, 183, 244);\n}\n<\/style>\n\t<\/div>\n\t\n\t\t<\/div>\n\t\t\t\t\t<\/div>\n\n\t\n<\/div>\n\n\n        <div class=\"row row-small\">\n                <div class=\"col medium-6 small-12 large-3\">\n            <div class=\"col-inner\">\n                <div class=\"box has-hover project-item-image-box  has-hover box-text-bottom\">\n                    <div class=\"box-image\">\n                        <a href=\"https:\/\/cuongthinhmedical.com\/en\/du-an\/bv-hoan-my-sai-gon\/\">\n                            <div class=\"image-zoom image-cover\" style=\"padding-top:100%;\">\n                                <img decoding=\"async\" src=\"https:\/\/cuongthinhmedical.com\/wp-content\/uploads\/2025\/09\/Homepage-Du-an-1-BV-Hoan-My-Sai-Gon.jpg\" alt=\"BV Ho\u00e0n M\u1ef9 S\u00e0i G\u00f2n\">\n                            <\/div>\n                        <\/a>\n                    <\/div>\n                    <div class=\"box-text text-center\">\n                        <div class=\"box-text-inner\">\n                            <a href=\"https:\/\/cuongthinhmedical.com\/en\/du-an\/bv-hoan-my-sai-gon\/\">\n                                <h3>Hoan My Saigon Hospital<\/h3>\n                            <\/a>\n                        <\/div>\n                    <\/div>\n                <\/div>\n            <\/div>\n        <\/div>\n                <div class=\"col medium-6 small-12 large-3\">\n            <div class=\"col-inner\">\n                <div class=\"box has-hover project-item-image-box  has-hover box-text-bottom\">\n                    <div class=\"box-image\">\n                        <a href=\"https:\/\/cuongthinhmedical.com\/en\/du-an\/bv-dk-thien-hanh\/\">\n                            <div class=\"image-zoom image-cover\" style=\"padding-top:100%;\">\n                                <img decoding=\"async\" src=\"https:\/\/cuongthinhmedical.com\/wp-content\/uploads\/2025\/09\/Homepage-Du-an-2-BV-DK-Thien-Hanh.jpg\" alt=\"BV \u0110K Thi\u1ec7n H\u1ea1nh\">\n                            <\/div>\n                        <\/a>\n                    <\/div>\n                    <div class=\"box-text text-center\">\n                        <div class=\"box-text-inner\">\n                            <a href=\"https:\/\/cuongthinhmedical.com\/en\/du-an\/bv-dk-thien-hanh\/\">\n                                <h3>Thien Hanh General Hospital<\/h3>\n                            <\/a>\n                        <\/div>\n                    <\/div>\n                <\/div>\n            <\/div>\n        <\/div>\n                <div class=\"col medium-6 small-12 large-3\">\n            <div class=\"col-inner\">\n                <div class=\"box has-hover project-item-image-box  has-hover box-text-bottom\">\n                    <div class=\"box-image\">\n                        <a href=\"https:\/\/cuongthinhmedical.com\/en\/du-an\/bv-dh-yd-buon-ma-thuot\/\">\n                            <div class=\"image-zoom image-cover\" style=\"padding-top:100%;\">\n                                <img decoding=\"async\" src=\"https:\/\/cuongthinhmedical.com\/wp-content\/uploads\/2025\/09\/Homepage-Du-an-3-BV-DH-YD-Buon-Ma-Thuot.jpg\" alt=\"BV \u0110H YD Bu\u00f4n Ma Thu\u1ed9t\">\n                            <\/div>\n                        <\/a>\n                    <\/div>\n                    <div class=\"box-text text-center\">\n                        <div class=\"box-text-inner\">\n                            <a href=\"https:\/\/cuongthinhmedical.com\/en\/du-an\/bv-dh-yd-buon-ma-thuot\/\">\n                                <h3>Buon Ma Thuot University of Medicine and Pharmacy Hospital<\/h3>\n                            <\/a>\n                        <\/div>\n                    <\/div>\n                <\/div>\n            <\/div>\n        <\/div>\n                <div class=\"col medium-6 small-12 large-3\">\n            <div class=\"col-inner\">\n                <div class=\"box has-hover project-item-image-box  has-hover box-text-bottom\">\n                    <div class=\"box-image\">\n                        <a href=\"https:\/\/cuongthinhmedical.com\/en\/du-an\/bv-family-medical-practice\/\">\n                            <div class=\"image-zoom image-cover\" style=\"padding-top:100%;\">\n                                <img decoding=\"async\" src=\"https:\/\/cuongthinhmedical.com\/wp-content\/uploads\/2025\/09\/Homepage-Du-an-4-BV-Family-Medical-Practice.jpg\" alt=\"BV Family Medical Practice\">\n                            <\/div>\n                        <\/a>\n                    <\/div>\n                    <div class=\"box-text text-center\">\n                        <div class=\"box-text-inner\">\n                            <a href=\"https:\/\/cuongthinhmedical.com\/en\/du-an\/bv-family-medical-practice\/\">\n                                <h3>BV Family Medical Practice<\/h3>\n                            <\/a>\n                        <\/div>\n                    <\/div>\n                <\/div>\n            <\/div>\n        <\/div>\n                <div class=\"col medium-6 small-12 large-3\">\n            <div class=\"col-inner\">\n                <div class=\"box has-hover project-item-image-box  has-hover box-text-bottom\">\n                    <div class=\"box-image\">\n                        <a href=\"https:\/\/cuongthinhmedical.com\/en\/du-an\/bv-dk-thai-hoa\/\">\n                            <div class=\"image-zoom image-cover\" style=\"padding-top:100%;\">\n                                <img decoding=\"async\" src=\"https:\/\/cuongthinhmedical.com\/wp-content\/uploads\/2025\/09\/Homepage-Du-an-5-BV-DK-Thai-Hoa.jpeg\" alt=\"BV \u0110K Th\u00e1i Ho\u00e0\">\n                            <\/div>\n                        <\/a>\n                    <\/div>\n                    <div class=\"box-text text-center\">\n                        <div class=\"box-text-inner\">\n                            <a href=\"https:\/\/cuongthinhmedical.com\/en\/du-an\/bv-dk-thai-hoa\/\">\n                                <h3>Thai Hoa General Hospital<\/h3>\n                            <\/a>\n                        <\/div>\n                    <\/div>\n                <\/div>\n            <\/div>\n        <\/div>\n                <div class=\"col medium-6 small-12 large-3\">\n            <div class=\"col-inner\">\n                <div class=\"box has-hover project-item-image-box  has-hover box-text-bottom\">\n                    <div class=\"box-image\">\n                        <a href=\"https:\/\/cuongthinhmedical.com\/en\/du-an\/bv-hoan-hao-kei-mei-kai\/\">\n                            <div class=\"image-zoom image-cover\" style=\"padding-top:100%;\">\n                                <img decoding=\"async\" src=\"https:\/\/cuongthinhmedical.com\/wp-content\/uploads\/2025\/09\/Homepage-Du-an-6-BV-Hoan-Hao-Kei-Mei-Kai-scaled.jpg\" alt=\"BV Ho\u00e0n H\u1ea3o Kei Mei Kai\">\n                            <\/div>\n                        <\/a>\n                    <\/div>\n                    <div class=\"box-text text-center\">\n                        <div class=\"box-text-inner\">\n                            <a href=\"https:\/\/cuongthinhmedical.com\/en\/du-an\/bv-hoan-hao-kei-mei-kai\/\">\n                                <h3>Kei Mei Kai Perfect Hospital<\/h3>\n                            <\/a>\n                        <\/div>\n                    <\/div>\n                <\/div>\n            <\/div>\n        <\/div>\n                <div class=\"col medium-6 small-12 large-3\">\n            <div class=\"col-inner\">\n                <div class=\"box has-hover project-item-image-box  has-hover box-text-bottom\">\n                    <div class=\"box-image\">\n                        <a href=\"https:\/\/cuongthinhmedical.com\/en\/du-an\/bv-mat-viet\/\">\n                            <div class=\"image-zoom image-cover\" style=\"padding-top:100%;\">\n                                <img decoding=\"async\" src=\"https:\/\/cuongthinhmedical.com\/wp-content\/uploads\/2025\/09\/Homepage-Du-an-7-BV-Mat-Viet.jpg\" alt=\"BV M\u1eaft Vi\u1ec7t\">\n                            <\/div>\n                        <\/a>\n                    <\/div>\n                    <div class=\"box-text text-center\">\n                        <div class=\"box-text-inner\">\n                            <a href=\"https:\/\/cuongthinhmedical.com\/en\/du-an\/bv-mat-viet\/\">\n                                <h3>Mat Viet Hospital<\/h3>\n                            <\/a>\n                        <\/div>\n                    <\/div>\n                <\/div>\n            <\/div>\n        <\/div>\n                <div class=\"col medium-6 small-12 large-3\">\n            <div class=\"col-inner\">\n                <div class=\"box has-hover project-item-image-box  has-hover box-text-bottom\">\n                    <div class=\"box-image\">\n                        <a href=\"https:\/\/cuongthinhmedical.com\/en\/du-an\/bv-tham-my-jk-imperial\/\">\n                            <div class=\"image-zoom image-cover\" style=\"padding-top:100%;\">\n                                <img decoding=\"async\" src=\"https:\/\/cuongthinhmedical.com\/wp-content\/uploads\/2025\/09\/Homepage-Du-an-8-BV-Tham-my-JK-Imperial.jpg\" alt=\"BV Th\u1ea9m m\u1ef9 JK Imperial\">\n                            <\/div>\n                        <\/a>\n                    <\/div>\n                    <div class=\"box-text text-center\">\n                        <div class=\"box-text-inner\">\n                            <a href=\"https:\/\/cuongthinhmedical.com\/en\/du-an\/bv-tham-my-jk-imperial\/\">\n                                <h3>JK Imperial Cosmetic Hospital<\/h3>\n                            <\/a>\n                        <\/div>\n                    <\/div>\n                <\/div>\n            <\/div>\n        <\/div>\n            <\/div>","protected":false},"excerpt":{"rendered":"","protected":false},"author":1,"featured_media":0,"parent":0,"menu_order":0,"comment_status":"closed","ping_status":"closed","template":"","meta":{"_acf_changed":false,"footnotes":""},"class_list":["post-32","page","type-page","status-publish","hentry"],"acf":[],"_links":{"self":[{"href":"https:\/\/cuongthinhmedical.com\/en\/wp-json\/wp\/v2\/pages\/32","targetHints":{"allow":["GET"]}}],"collection":[{"href":"https:\/\/cuongthinhmedical.com\/en\/wp-json\/wp\/v2\/pages"}],"about":[{"href":"https:\/\/cuongthinhmedical.com\/en\/wp-json\/wp\/v2\/types\/page"}],"author":[{"embeddable":true,"href":"https:\/\/cuongthinhmedical.com\/en\/wp-json\/wp\/v2\/users\/1"}],"replies":[{"embeddable":true,"href":"https:\/\/cuongthinhmedical.com\/en\/wp-json\/wp\/v2\/comments?post=32"}],"version-history":[{"count":3,"href":"https:\/\/cuongthinhmedical.com\/en\/wp-json\/wp\/v2\/pages\/32\/revisions"}],"predecessor-version":[{"id":354,"href":"https:\/\/cuongthinhmedical.com\/en\/wp-json\/wp\/v2\/pages\/32\/revisions\/354"}],"wp:attachment":[{"href":"https:\/\/cuongthinhmedical.com\/en\/wp-json\/wp\/v2\/media?parent=32"}],"curies":[{"name":"wp","href":"https:\/\/api.w.org\/{rel}","templated":true}]}}